{"id":6482,"date":"2025-04-05T01:11:53","date_gmt":"2025-04-04T23:11:53","guid":{"rendered":"https:\/\/www.trabajosdesdecasa.us\/?page_id=6482"},"modified":"2025-04-09T12:56:51","modified_gmt":"2025-04-09T10:56:51","slug":"suscribete-a-nuestro-newsletter-y-mantente-al-dia","status":"publish","type":"page","link":"https:\/\/www.avendanorealty.com\/blog\/suscribete-a-nuestro-newsletter-y-mantente-al-dia\/","title":{"rendered":"\ud83d\ude80 \u00a1Suscr\u00edbete a nuestro newsletter y mantente al d\u00eda!"},"content":{"rendered":"\t\t<div data-elementor-type=\"wp-page\" data-elementor-id=\"6482\" class=\"elementor elementor-6482\" data-elementor-post-type=\"page\">\n\t\t\t\t\t\t<section class=\"elementor-section elementor-top-section elementor-element elementor-element-507ea25a elementor-section-stretched elementor-section-boxed elementor-section-height-default elementor-section-height-default\" data-id=\"507ea25a\" data-element_type=\"section\" data-settings=\"{&quot;background_background&quot;:&quot;classic&quot;,&quot;stretch_section&quot;:&quot;section-stretched&quot;}\">\n\t\t\t\t\t\t<div class=\"elementor-container elementor-column-gap-default\">\n\t\t\t\t\t<div class=\"elementor-column elementor-col-100 elementor-top-column elementor-element elementor-element-2c1d1931\" data-id=\"2c1d1931\" data-element_type=\"column\">\n\t\t\t<div class=\"elementor-widget-wrap elementor-element-populated\">\n\t\t\t\t\t\t<div class=\"elementor-element elementor-element-5cc59275 elementor-widget elementor-widget-text-editor\" data-id=\"5cc59275\" data-element_type=\"widget\" data-widget_type=\"text-editor.default\">\n\t\t\t\t<div class=\"elementor-widget-container\">\n\t\t\t\t\t\t\t\t\t<p style=\"text-align: center;\">Recibe las \u00faltimas <strong>noticias, <\/strong>de como <b>Ganar Dinero desde Casa por Internet<\/b> directamente en tu correo. <br \/>Con respuestas a tus preguntas de <strong>\u00bfC\u00f3mo registrarse en las plataformas?<\/strong> o <strong>\u00bfC\u00f3mo\u00a0Ganar Dinero Online?<\/strong>.<br \/>Te enviamos contenido exclusivo y tips \u00fatiles, nuestro <b>Newsletter<\/b> es tu mejor aliado para <b>Ganar Dinero Online<\/b>.<\/p><h3 style=\"text-align: center;\"><span style=\"color: #000000;\"><strong>\u00a1Transforma tu vida y Gana Dinero desde Casa en (2025)!<\/strong><\/span><\/h3><p>Recibe en tu email\u00a0las estrategias m\u00e1s efectiva de <strong>Trabajos desde Casa<\/strong>\u00a0para generar ingresos online, con:<\/p><ul><li><p><strong>M\u00e1s de 300 plataformas para Ganar dinero<\/strong>\u00a0y actualizado semanalmente<\/p><\/li><li><p><strong>Gu\u00edas de como registrarse pr\u00e1cticos<\/strong>\u00a0probados por expertos<\/p><\/li><li><p><strong>Ganancias recurrentes<\/strong>\u00a0con promociones especiales<\/p><\/li><\/ul><p style=\"text-align: center;\"><img decoding=\"async\" class=\"emoji\" role=\"img\" draggable=\"false\" src=\"https:\/\/s.w.org\/images\/core\/emoji\/15.0.3\/svg\/1f4e9.svg\" alt=\"\ud83d\udce9\" \/>\u00a0<strong>\u00danete ahora<\/strong>\u00a0y forma parte de nuestra comunidad.<\/p><p style=\"text-align: center;\">\u00a1Te esperamos! <img decoding=\"async\" class=\"emoji\" role=\"img\" draggable=\"false\" src=\"https:\/\/s.w.org\/images\/core\/emoji\/15.0.3\/svg\/1f680.svg\" alt=\"\ud83d\ude80\" \/><\/p>\t\t\t\t\t\t\t\t<\/div>\n\t\t\t\t<\/div>\n\t\t\t\t<section class=\"elementor-section elementor-inner-section elementor-element elementor-element-4f9d68f9 elementor-reverse-mobile elementor-section-boxed elementor-section-height-default elementor-section-height-default\" data-id=\"4f9d68f9\" data-element_type=\"section\">\n\t\t\t\t\t\t<div class=\"elementor-container elementor-column-gap-default\">\n\t\t\t\t\t<div class=\"elementor-column elementor-col-50 elementor-inner-column elementor-element elementor-element-38e318cf\" data-id=\"38e318cf\" data-element_type=\"column\">\n\t\t\t<div class=\"elementor-widget-wrap elementor-element-populated\">\n\t\t\t\t\t\t<div class=\"elementor-element elementor-element-6db3fb65 elementor-icon-list--layout-traditional elementor-list-item-link-full_width elementor-widget elementor-widget-icon-list\" data-id=\"6db3fb65\" data-element_type=\"widget\" data-widget_type=\"icon-list.default\">\n\t\t\t\t<div class=\"elementor-widget-container\">\n\t\t\t\t\t\t\t<ul class=\"elementor-icon-list-items\">\n\t\t\t\t\t\t\t<li class=\"elementor-icon-list-item\">\n\t\t\t\t\t\t\t\t\t\t<span class=\"elementor-icon-list-text\">1\ufe0f\u20e3 N\u00f3madas digitales: Trabaja desde cualquier lugar del mundo.<\/span>\n\t\t\t\t\t\t\t\t\t<\/li>\n\t\t\t\t\t\t\t\t<li class=\"elementor-icon-list-item\">\n\t\t\t\t\t\t\t\t\t\t<span class=\"elementor-icon-list-text\">2\ufe0f\u20e3 Adolescentes: Empieza a generar ingresos con poco esfuerzo.<\/span>\n\t\t\t\t\t\t\t\t\t<\/li>\n\t\t\t\t\t\t\t\t<li class=\"elementor-icon-list-item\">\n\t\t\t\t\t\t\t\t\t\t<span class=\"elementor-icon-list-text\">3\ufe0f\u20e3 Mayores de 50: Emplea tu experiencia en l\u00ednea.<\/span>\n\t\t\t\t\t\t\t\t\t<\/li>\n\t\t\t\t\t\t<\/ul>\n\t\t\t\t\t\t<\/div>\n\t\t\t\t<\/div>\n\t\t\t\t\t<\/div>\n\t\t<\/div>\n\t\t\t\t<div class=\"elementor-column elementor-col-50 elementor-inner-column elementor-element elementor-element-7030a6f\" data-id=\"7030a6f\" data-element_type=\"column\">\n\t\t\t<div class=\"elementor-widget-wrap elementor-element-populated\">\n\t\t\t\t\t\t<div class=\"elementor-element elementor-element-2428120 elementor-widget elementor-widget-text-editor\" data-id=\"2428120\" data-element_type=\"widget\" data-widget_type=\"text-editor.default\">\n\t\t\t\t<div class=\"elementor-widget-container\">\n\t\t\t\t\t\t\t\t\t<iframe data-skip-lazy=\"\" src=\"https:\/\/consultorseo.ipzmarketing.com\/f\/6s6pNwFjCiw\" frameborder=\"0\" scrolling=\"no\" width=\"100%\" class=\"ipz-iframe\"><\/iframe>\n<script data-cfasync=\"false\" type=\"text\/javascript\" src=\"https:\/\/assets.ipzmarketing.com\/assets\/signup_form\/iframe_v1.js\"><\/script>\t\t\t\t\t\t\t\t<\/div>\n\t\t\t\t<\/div>\n\t\t\t\t\t<\/div>\n\t\t<\/div>\n\t\t\t\t\t<\/div>\n\t\t<\/section>\n\t\t\t\t\t<\/div>\n\t\t<\/div>\n\t\t\t\t\t<\/div>\n\t\t<\/section>\n\t\t\t\t<\/div>\n\t\t\n","protected":false},"excerpt":{"rendered":"<p>Recibe las \u00faltimas noticias, de como Ganar Dinero desde Casa por Internet directamente en tu correo. Con respuestas a tus preguntas de \u00bfC\u00f3mo registrarse en las plataformas? o \u00bfC\u00f3mo\u00a0Ganar Dinero Online?.Te enviamos contenido exclusivo y tips \u00fatiles, nuestro Newsletter es tu mejor aliado para Ganar Dinero Online. \u00a1Transforma tu vida y Gana Dinero desde Casa&#8230;<\/p>\n","protected":false},"author":1,"featured_media":0,"parent":0,"menu_order":0,"comment_status":"closed","ping_status":"closed","template":"","meta":{"footnotes":""},"class_list":["post-6482","page","type-page","status-publish","hentry","article","has-background",false,"dark-theme-","has-excerpt","has-avatar","has-author","has-nickname","has-date","has-comment-count","has-read-more","has-title","thumbnail-","has-tfm-share-icons"],"yoast_head":"<!-- This site is optimized with the Yoast SEO plugin v25.2 - https:\/\/yoast.com\/wordpress\/plugins\/seo\/ -->\n<title>++ \ud83d\ude80 \u00a1Suscr\u00edbete a nuestro newsletter y mantente al d\u00eda!<\/title>\n<meta name=\"description\" content=\"\u00a1Suscr\u00edbete a nuestro newsletter y mantente al d\u00eda! - Suscr\u00edbete a nuestro newsletter - \u00bfC\u00f3mo registrarse en las plataformas? o \u00bfC\u00f3mo\u00a0Ganar Dinero Online? - Suscr\u00edbete a nuestro newsletter como ganar dinero - Suscr\u00edbete a nuestro newsletter ganar dinero online - Ganar Dinero desde Casa por Internet - Suscr\u00edbete a nuestro newsletter ganar dinero desde casa - Suscr\u00edbete a nuestro newsletter trabajos desde casa - Suscr\u00edbete a nuestro newsletter trabajar desde casa - \u00bfQuieres hacer crecer la lista de suscriptores de tu newsletter? - C\u00f3mo Ganar Dinero Desde Casa: Estrategias Efectivas - C\u00f3mo ganar dinero con Amazon desde casa - C\u00f3mo ganar dinero online -\" \/>\n<meta name=\"robots\" content=\"index, follow, max-snippet:-1, max-image-preview:large, max-video-preview:-1\" \/>\n<link rel=\"canonical\" href=\"https:\/\/www.avendanorealty.com\/blog\/suscribete-a-nuestro-newsletter-y-mantente-al-dia\/\" \/>\n<meta property=\"og:locale\" content=\"es_ES\" \/>\n<meta property=\"og:type\" content=\"article\" \/>\n<meta property=\"og:title\" content=\"++ \ud83d\ude80 \u00a1Suscr\u00edbete a nuestro newsletter y mantente al d\u00eda!\" \/>\n<meta property=\"og:description\" content=\"\u00a1Suscr\u00edbete a nuestro newsletter y mantente al d\u00eda! - Suscr\u00edbete a nuestro newsletter - \u00bfC\u00f3mo registrarse en las plataformas? o \u00bfC\u00f3mo\u00a0Ganar Dinero Online? - Suscr\u00edbete a nuestro newsletter como ganar dinero - Suscr\u00edbete a nuestro newsletter ganar dinero online - Ganar Dinero desde Casa por Internet - Suscr\u00edbete a nuestro newsletter ganar dinero desde casa - Suscr\u00edbete a nuestro newsletter trabajos desde casa - Suscr\u00edbete a nuestro newsletter trabajar desde casa - \u00bfQuieres hacer crecer la lista de suscriptores de tu newsletter? - C\u00f3mo Ganar Dinero Desde Casa: Estrategias Efectivas - C\u00f3mo ganar dinero con Amazon desde casa - C\u00f3mo ganar dinero online -\" \/>\n<meta property=\"og:url\" content=\"https:\/\/www.avendanorealty.com\/blog\/suscribete-a-nuestro-newsletter-y-mantente-al-dia\/\" \/>\n<meta property=\"og:site_name\" content=\"Venta de Casas y Hoteles en Margarita, Venezuela\" \/>\n<meta property=\"article:modified_time\" content=\"2025-04-09T10:56:51+00:00\" \/>\n<meta property=\"og:image\" content=\"https:\/\/s.w.org\/images\/core\/emoji\/15.0.3\/svg\/1f4e9.svg\" \/>\n<meta name=\"twitter:card\" content=\"summary_large_image\" \/>\n<meta name=\"twitter:label1\" content=\"Tiempo de lectura\" \/>\n\t<meta name=\"twitter:data1\" content=\"2 minutos\" \/>\n<script type=\"application\/ld+json\" class=\"yoast-schema-graph\">{\"@context\":\"https:\/\/schema.org\",\"@graph\":[{\"@type\":\"WebPage\",\"@id\":\"https:\/\/www.avendanorealty.com\/blog\/suscribete-a-nuestro-newsletter-y-mantente-al-dia\/\",\"url\":\"https:\/\/www.avendanorealty.com\/blog\/suscribete-a-nuestro-newsletter-y-mantente-al-dia\/\",\"name\":\"++ \ud83d\ude80 \u00a1Suscr\u00edbete a nuestro newsletter y mantente al d\u00eda!\",\"isPartOf\":{\"@id\":\"https:\/\/www.avendanorealty.com\/blog\/#website\"},\"primaryImageOfPage\":{\"@id\":\"https:\/\/www.avendanorealty.com\/blog\/suscribete-a-nuestro-newsletter-y-mantente-al-dia\/#primaryimage\"},\"image\":{\"@id\":\"https:\/\/www.avendanorealty.com\/blog\/suscribete-a-nuestro-newsletter-y-mantente-al-dia\/#primaryimage\"},\"thumbnailUrl\":\"https:\/\/s.w.org\/images\/core\/emoji\/15.0.3\/svg\/1f4e9.svg\",\"datePublished\":\"2025-04-04T23:11:53+00:00\",\"dateModified\":\"2025-04-09T10:56:51+00:00\",\"description\":\"\u00a1Suscr\u00edbete a nuestro newsletter y mantente al d\u00eda! - Suscr\u00edbete a nuestro newsletter - \u00bfC\u00f3mo registrarse en las plataformas? o \u00bfC\u00f3mo\u00a0Ganar Dinero Online? - Suscr\u00edbete a nuestro newsletter como ganar dinero - Suscr\u00edbete a nuestro newsletter ganar dinero online - Ganar Dinero desde Casa por Internet - Suscr\u00edbete a nuestro newsletter ganar dinero desde casa - Suscr\u00edbete a nuestro newsletter trabajos desde casa - Suscr\u00edbete a nuestro newsletter trabajar desde casa - \u00bfQuieres hacer crecer la lista de suscriptores de tu newsletter? - C\u00f3mo Ganar Dinero Desde Casa: Estrategias Efectivas - C\u00f3mo ganar dinero con Amazon desde casa - C\u00f3mo ganar dinero online -\",\"breadcrumb\":{\"@id\":\"https:\/\/www.avendanorealty.com\/blog\/suscribete-a-nuestro-newsletter-y-mantente-al-dia\/#breadcrumb\"},\"inLanguage\":\"es\",\"potentialAction\":[{\"@type\":\"ReadAction\",\"target\":[\"https:\/\/www.avendanorealty.com\/blog\/suscribete-a-nuestro-newsletter-y-mantente-al-dia\/\"]}]},{\"@type\":\"ImageObject\",\"inLanguage\":\"es\",\"@id\":\"https:\/\/www.avendanorealty.com\/blog\/suscribete-a-nuestro-newsletter-y-mantente-al-dia\/#primaryimage\",\"url\":\"https:\/\/s.w.org\/images\/core\/emoji\/15.0.3\/svg\/1f4e9.svg\",\"contentUrl\":\"https:\/\/s.w.org\/images\/core\/emoji\/15.0.3\/svg\/1f4e9.svg\"},{\"@type\":\"BreadcrumbList\",\"@id\":\"https:\/\/www.avendanorealty.com\/blog\/suscribete-a-nuestro-newsletter-y-mantente-al-dia\/#breadcrumb\",\"itemListElement\":[{\"@type\":\"ListItem\",\"position\":1,\"name\":\"Home\",\"item\":\"https:\/\/www.avendanorealty.com\/blog\/\"},{\"@type\":\"ListItem\",\"position\":2,\"name\":\"\ud83d\ude80 \u00a1Suscr\u00edbete a nuestro newsletter y mantente al d\u00eda!\"}]},{\"@type\":\"WebSite\",\"@id\":\"https:\/\/www.avendanorealty.com\/blog\/#website\",\"url\":\"https:\/\/www.avendanorealty.com\/blog\/\",\"name\":\"Venta de Casas y Hoteles en Margarita, Venezuela\",\"description\":\"Venta de Casas y Hoteles en Margarita, Venezuela\",\"publisher\":{\"@id\":\"https:\/\/www.avendanorealty.com\/blog\/#organization\"},\"potentialAction\":[{\"@type\":\"SearchAction\",\"target\":{\"@type\":\"EntryPoint\",\"urlTemplate\":\"https:\/\/www.avendanorealty.com\/blog\/?s={search_term_string}\"},\"query-input\":{\"@type\":\"PropertyValueSpecification\",\"valueRequired\":true,\"valueName\":\"search_term_string\"}}],\"inLanguage\":\"es\"},{\"@type\":\"Organization\",\"@id\":\"https:\/\/www.avendanorealty.com\/blog\/#organization\",\"name\":\"Venta de Casas y Hoteles en Margarita, Venezuela\",\"url\":\"https:\/\/www.avendanorealty.com\/blog\/\",\"logo\":{\"@type\":\"ImageObject\",\"inLanguage\":\"es\",\"@id\":\"https:\/\/www.avendanorealty.com\/blog\/#\/schema\/logo\/image\/\",\"url\":\"https:\/\/www.avendanorealty.com\/blog\/wp-content\/uploads\/2025\/05\/Avendano-realty-Group-Isla-de-Margarita-Venezuela.png\",\"contentUrl\":\"https:\/\/www.avendanorealty.com\/blog\/wp-content\/uploads\/2025\/05\/Avendano-realty-Group-Isla-de-Margarita-Venezuela.png\",\"width\":256,\"height\":81,\"caption\":\"Venta de Casas y Hoteles en Margarita, Venezuela\"},\"image\":{\"@id\":\"https:\/\/www.avendanorealty.com\/blog\/#\/schema\/logo\/image\/\"}}]}<\/script>\n<!-- \/ Yoast SEO plugin. -->","yoast_head_json":{"title":"++ \ud83d\ude80 \u00a1Suscr\u00edbete a nuestro newsletter y mantente al d\u00eda!","description":"\u00a1Suscr\u00edbete a nuestro newsletter y mantente al d\u00eda! - Suscr\u00edbete a nuestro newsletter - \u00bfC\u00f3mo registrarse en las plataformas? o \u00bfC\u00f3mo\u00a0Ganar Dinero Online? - Suscr\u00edbete a nuestro newsletter como ganar dinero - Suscr\u00edbete a nuestro newsletter ganar dinero online - Ganar Dinero desde Casa por Internet - Suscr\u00edbete a nuestro newsletter ganar dinero desde casa - Suscr\u00edbete a nuestro newsletter trabajos desde casa - Suscr\u00edbete a nuestro newsletter trabajar desde casa - \u00bfQuieres hacer crecer la lista de suscriptores de tu newsletter? - C\u00f3mo Ganar Dinero Desde Casa: Estrategias Efectivas - C\u00f3mo ganar dinero con Amazon desde casa - C\u00f3mo ganar dinero online -","robots":{"index":"index","follow":"follow","max-snippet":"max-snippet:-1","max-image-preview":"max-image-preview:large","max-video-preview":"max-video-preview:-1"},"canonical":"https:\/\/www.avendanorealty.com\/blog\/suscribete-a-nuestro-newsletter-y-mantente-al-dia\/","og_locale":"es_ES","og_type":"article","og_title":"++ \ud83d\ude80 \u00a1Suscr\u00edbete a nuestro newsletter y mantente al d\u00eda!","og_description":"\u00a1Suscr\u00edbete a nuestro newsletter y mantente al d\u00eda! - Suscr\u00edbete a nuestro newsletter - \u00bfC\u00f3mo registrarse en las plataformas? o \u00bfC\u00f3mo\u00a0Ganar Dinero Online? - Suscr\u00edbete a nuestro newsletter como ganar dinero - Suscr\u00edbete a nuestro newsletter ganar dinero online - Ganar Dinero desde Casa por Internet - Suscr\u00edbete a nuestro newsletter ganar dinero desde casa - Suscr\u00edbete a nuestro newsletter trabajos desde casa - Suscr\u00edbete a nuestro newsletter trabajar desde casa - \u00bfQuieres hacer crecer la lista de suscriptores de tu newsletter? - C\u00f3mo Ganar Dinero Desde Casa: Estrategias Efectivas - C\u00f3mo ganar dinero con Amazon desde casa - C\u00f3mo ganar dinero online -","og_url":"https:\/\/www.avendanorealty.com\/blog\/suscribete-a-nuestro-newsletter-y-mantente-al-dia\/","og_site_name":"Venta de Casas y Hoteles en Margarita, Venezuela","article_modified_time":"2025-04-09T10:56:51+00:00","og_image":[{"url":"https:\/\/s.w.org\/images\/core\/emoji\/15.0.3\/svg\/1f4e9.svg","type":"","width":"","height":""}],"twitter_card":"summary_large_image","twitter_misc":{"Tiempo de lectura":"2 minutos"},"schema":{"@context":"https:\/\/schema.org","@graph":[{"@type":"WebPage","@id":"https:\/\/www.avendanorealty.com\/blog\/suscribete-a-nuestro-newsletter-y-mantente-al-dia\/","url":"https:\/\/www.avendanorealty.com\/blog\/suscribete-a-nuestro-newsletter-y-mantente-al-dia\/","name":"++ \ud83d\ude80 \u00a1Suscr\u00edbete a nuestro newsletter y mantente al d\u00eda!","isPartOf":{"@id":"https:\/\/www.avendanorealty.com\/blog\/#website"},"primaryImageOfPage":{"@id":"https:\/\/www.avendanorealty.com\/blog\/suscribete-a-nuestro-newsletter-y-mantente-al-dia\/#primaryimage"},"image":{"@id":"https:\/\/www.avendanorealty.com\/blog\/suscribete-a-nuestro-newsletter-y-mantente-al-dia\/#primaryimage"},"thumbnailUrl":"https:\/\/s.w.org\/images\/core\/emoji\/15.0.3\/svg\/1f4e9.svg","datePublished":"2025-04-04T23:11:53+00:00","dateModified":"2025-04-09T10:56:51+00:00","description":"\u00a1Suscr\u00edbete a nuestro newsletter y mantente al d\u00eda! - Suscr\u00edbete a nuestro newsletter - \u00bfC\u00f3mo registrarse en las plataformas? o \u00bfC\u00f3mo\u00a0Ganar Dinero Online? - Suscr\u00edbete a nuestro newsletter como ganar dinero - Suscr\u00edbete a nuestro newsletter ganar dinero online - Ganar Dinero desde Casa por Internet - Suscr\u00edbete a nuestro newsletter ganar dinero desde casa - Suscr\u00edbete a nuestro newsletter trabajos desde casa - Suscr\u00edbete a nuestro newsletter trabajar desde casa - \u00bfQuieres hacer crecer la lista de suscriptores de tu newsletter? - C\u00f3mo Ganar Dinero Desde Casa: Estrategias Efectivas - C\u00f3mo ganar dinero con Amazon desde casa - C\u00f3mo ganar dinero online -","breadcrumb":{"@id":"https:\/\/www.avendanorealty.com\/blog\/suscribete-a-nuestro-newsletter-y-mantente-al-dia\/#breadcrumb"},"inLanguage":"es","potentialAction":[{"@type":"ReadAction","target":["https:\/\/www.avendanorealty.com\/blog\/suscribete-a-nuestro-newsletter-y-mantente-al-dia\/"]}]},{"@type":"ImageObject","inLanguage":"es","@id":"https:\/\/www.avendanorealty.com\/blog\/suscribete-a-nuestro-newsletter-y-mantente-al-dia\/#primaryimage","url":"https:\/\/s.w.org\/images\/core\/emoji\/15.0.3\/svg\/1f4e9.svg","contentUrl":"https:\/\/s.w.org\/images\/core\/emoji\/15.0.3\/svg\/1f4e9.svg"},{"@type":"BreadcrumbList","@id":"https:\/\/www.avendanorealty.com\/blog\/suscribete-a-nuestro-newsletter-y-mantente-al-dia\/#breadcrumb","itemListElement":[{"@type":"ListItem","position":1,"name":"Home","item":"https:\/\/www.avendanorealty.com\/blog\/"},{"@type":"ListItem","position":2,"name":"\ud83d\ude80 \u00a1Suscr\u00edbete a nuestro newsletter y mantente al d\u00eda!"}]},{"@type":"WebSite","@id":"https:\/\/www.avendanorealty.com\/blog\/#website","url":"https:\/\/www.avendanorealty.com\/blog\/","name":"Venta de Casas y Hoteles en Margarita, Venezuela","description":"Venta de Casas y Hoteles en Margarita, Venezuela","publisher":{"@id":"https:\/\/www.avendanorealty.com\/blog\/#organization"},"potentialAction":[{"@type":"SearchAction","target":{"@type":"EntryPoint","urlTemplate":"https:\/\/www.avendanorealty.com\/blog\/?s={search_term_string}"},"query-input":{"@type":"PropertyValueSpecification","valueRequired":true,"valueName":"search_term_string"}}],"inLanguage":"es"},{"@type":"Organization","@id":"https:\/\/www.avendanorealty.com\/blog\/#organization","name":"Venta de Casas y Hoteles en Margarita, Venezuela","url":"https:\/\/www.avendanorealty.com\/blog\/","logo":{"@type":"ImageObject","inLanguage":"es","@id":"https:\/\/www.avendanorealty.com\/blog\/#\/schema\/logo\/image\/","url":"https:\/\/www.avendanorealty.com\/blog\/wp-content\/uploads\/2025\/05\/Avendano-realty-Group-Isla-de-Margarita-Venezuela.png","contentUrl":"https:\/\/www.avendanorealty.com\/blog\/wp-content\/uploads\/2025\/05\/Avendano-realty-Group-Isla-de-Margarita-Venezuela.png","width":256,"height":81,"caption":"Venta de Casas y Hoteles en Margarita, Venezuela"},"image":{"@id":"https:\/\/www.avendanorealty.com\/blog\/#\/schema\/logo\/image\/"}}]}},"jetpack_sharing_enabled":true,"_links":{"self":[{"href":"https:\/\/www.avendanorealty.com\/blog\/wp-json\/wp\/v2\/pages\/6482","targetHints":{"allow":["GET"]}}],"collection":[{"href":"https:\/\/www.avendanorealty.com\/blog\/wp-json\/wp\/v2\/pages"}],"about":[{"href":"https:\/\/www.avendanorealty.com\/blog\/wp-json\/wp\/v2\/types\/page"}],"author":[{"embeddable":true,"href":"https:\/\/www.avendanorealty.com\/blog\/wp-json\/wp\/v2\/users\/1"}],"replies":[{"embeddable":true,"href":"https:\/\/www.avendanorealty.com\/blog\/wp-json\/wp\/v2\/comments?post=6482"}],"version-history":[{"count":50,"href":"https:\/\/www.avendanorealty.com\/blog\/wp-json\/wp\/v2\/pages\/6482\/revisions"}],"predecessor-version":[{"id":7902,"href":"https:\/\/www.avendanorealty.com\/blog\/wp-json\/wp\/v2\/pages\/6482\/revisions\/7902"}],"wp:attachment":[{"href":"https:\/\/www.avendanorealty.com\/blog\/wp-json\/wp\/v2\/media?parent=6482"}],"curies":[{"name":"wp","href":"https:\/\/api.w.org\/{rel}","templated":true}]}}